{"id":17,"date":"2023-08-07T00:57:35","date_gmt":"2023-08-06T21:57:35","guid":{"rendered":"https:\/\/bilimyeri.com\/?page_id=17"},"modified":"2023-08-13T15:12:13","modified_gmt":"2023-08-13T12:12:13","slug":"veri-analizi","status":"publish","type":"page","link":"https:\/\/bilimyeri.com\/","title":{"rendered":"Veri Analizi"},"content":{"rendered":"\n<div class=\"wp-block-columns are-vertically-aligned-top has-border-color has-ast-global-color-1-border-color is-layout-flex wp-container-core-columns-is-layout-960675a1 wp-block-columns-is-layout-flex\" style=\"border-width:8px;border-radius:25px;margin-top:0;margin-bottom:0;padding-top:var(--wp--preset--spacing--40);padding-right:var(--wp--preset--spacing--70);padding-bottom:var(--wp--preset--spacing--40);padding-left:var(--wp--preset--spacing--70)\">\n<div class=\"wp-block-column is-vertically-aligned-top has-ast-global-color-6-background-color has-background is-layout-flow wp-container-core-column-is-layout-1396dd20 wp-block-column-is-layout-flow\" style=\"border-style:none;border-width:0px;padding-top:0;padding-right:0;padding-bottom:0;padding-left:0;flex-basis:100%\"><div data-block-name=\"woocommerce\/product-new\" data-categories=\"[]\" data-columns=\"4\" data-content-visibility=\"{&quot;image&quot;:true,&quot;title&quot;:true,&quot;price&quot;:true,&quot;rating&quot;:true,&quot;button&quot;:true}\" data-u-a-g-day=\"[]\" class=\"wc-block-grid wp-block-product-new wp-block-woocommerce-product-new wc-block-product-new has-4-columns has-multiple-rows\"><ul class=\"wc-block-grid__products\"><li class=\"wc-block-grid__product\">\n\t\t\t\t<a href=\"https:\/\/bilimyeri.com\/?product=nvivo-veri-analizi\" class=\"wc-block-grid__product-link\">\n\t\t\t\t\t\n\t\t\t\t\t<div class=\"wc-block-grid__product-image\"><img loading=\"lazy\" decoding=\"async\" width=\"181\" height=\"274\" src=\"https:\/\/bilimyeri.com\/wp-content\/uploads\/2023\/08\/va_nvivo.png\" class=\"attachment-woocommerce_thumbnail size-woocommerce_thumbnail\" alt=\"NVIVO Veri Analizi\" \/><\/div>\n\t\t\t\t\t<div class=\"wc-block-grid__product-title\">NVIVO Veri Analizi<\/div>\n\t\t\t\t<\/a>\n\t\t\t\t<div class=\"wc-block-grid__product-price price\"><\/div>\n\t\t\t\t\n\t\t\t\t<div class=\"wp-block-button wc-block-grid__product-add-to-cart\"><a href=\"https:\/\/bilimyeri.com\/?product=nvivo-veri-analizi\" aria-label=\"&ldquo;NVIVO Veri Analizi&rdquo; hakk\u0131nda daha fazla bilgi edinin\" data-quantity=\"1\" data-product_id=\"48\" data-product_sku=\"VA1004\" data-price=\"0\" rel=\"nofollow\" class=\"wp-block-button__link  add_to_cart_button\">Devam\u0131n\u0131 oku<\/a><\/div>\n\t\t\t<\/li><li class=\"wc-block-grid__product\">\n\t\t\t\t<a href=\"https:\/\/bilimyeri.com\/?product=process-veri-analizi\" class=\"wc-block-grid__product-link\">\n\t\t\t\t\t\n\t\t\t\t\t<div class=\"wc-block-grid__product-image\"><img loading=\"lazy\" decoding=\"async\" width=\"127\" height=\"274\" src=\"https:\/\/bilimyeri.com\/wp-content\/uploads\/2023\/08\/va_process.png\" class=\"attachment-woocommerce_thumbnail size-woocommerce_thumbnail\" alt=\"PROCESS Veri Analizi\" \/><\/div>\n\t\t\t\t\t<div class=\"wc-block-grid__product-title\">PROCESS Veri Analizi<\/div>\n\t\t\t\t<\/a>\n\t\t\t\t<div class=\"wc-block-grid__product-price price\"><\/div>\n\t\t\t\t\n\t\t\t\t<div class=\"wp-block-button wc-block-grid__product-add-to-cart\"><a href=\"https:\/\/bilimyeri.com\/?product=process-veri-analizi\" aria-label=\"&ldquo;PROCESS Veri Analizi&rdquo; hakk\u0131nda daha fazla bilgi edinin\" data-quantity=\"1\" data-product_id=\"47\" data-product_sku=\"VA1003\" data-price=\"0\" rel=\"nofollow\" class=\"wp-block-button__link  add_to_cart_button\">Devam\u0131n\u0131 oku<\/a><\/div>\n\t\t\t<\/li><li class=\"wc-block-grid__product\">\n\t\t\t\t<a href=\"https:\/\/bilimyeri.com\/?product=amos-lisrel-veri-analizi\" class=\"wc-block-grid__product-link\">\n\t\t\t\t\t\n\t\t\t\t\t<div class=\"wc-block-grid__product-image\"><img loading=\"lazy\" decoding=\"async\" width=\"181\" height=\"274\" src=\"https:\/\/bilimyeri.com\/wp-content\/uploads\/2023\/08\/va_amos.png\" class=\"attachment-woocommerce_thumbnail size-woocommerce_thumbnail\" alt=\"AMOS\/LISREL Veri Analizi\" \/><\/div>\n\t\t\t\t\t<div class=\"wc-block-grid__product-title\">AMOS\/LISREL Veri Analizi<\/div>\n\t\t\t\t<\/a>\n\t\t\t\t<div class=\"wc-block-grid__product-price price\"><\/div>\n\t\t\t\t\n\t\t\t\t<div class=\"wp-block-button wc-block-grid__product-add-to-cart\"><a href=\"https:\/\/bilimyeri.com\/?product=amos-lisrel-veri-analizi\" aria-label=\"&ldquo;AMOS\/LISREL Veri Analizi&rdquo; hakk\u0131nda daha fazla bilgi edinin\" data-quantity=\"1\" data-product_id=\"46\" data-product_sku=\"VA1002\" data-price=\"0\" rel=\"nofollow\" class=\"wp-block-button__link  add_to_cart_button\">Devam\u0131n\u0131 oku<\/a><\/div>\n\t\t\t<\/li><li class=\"wc-block-grid__product\">\n\t\t\t\t<a href=\"https:\/\/bilimyeri.com\/?product=veri-analizi\" class=\"wc-block-grid__product-link\">\n\t\t\t\t\t\n\t\t\t\t\t<div class=\"wc-block-grid__product-image\"><img loading=\"lazy\" decoding=\"async\" width=\"181\" height=\"274\" src=\"https:\/\/bilimyeri.com\/wp-content\/uploads\/2023\/08\/va_spss.png\" class=\"attachment-woocommerce_thumbnail size-woocommerce_thumbnail\" alt=\"SPSS Veri Analizi\" \/><\/div>\n\t\t\t\t\t<div class=\"wc-block-grid__product-title\">SPSS Veri Analizi<\/div>\n\t\t\t\t<\/a>\n\t\t\t\t<div class=\"wc-block-grid__product-price price\"><\/div>\n\t\t\t\t\n\t\t\t\t<div class=\"wp-block-button wc-block-grid__product-add-to-cart\"><a href=\"https:\/\/bilimyeri.com\/?product=veri-analizi\" aria-label=\"&ldquo;SPSS Veri Analizi&rdquo; hakk\u0131nda daha fazla bilgi edinin\" data-quantity=\"1\" data-product_id=\"11\" data-product_sku=\"VA1001\" data-price=\"0\" rel=\"nofollow\" class=\"wp-block-button__link  add_to_cart_button\">Devam\u0131n\u0131 oku<\/a><\/div>\n\t\t\t<\/li><\/ul><\/div><\/div>\n<\/div>\n\n\n\n<p><\/p>\n\n\n\n<figure class=\"wp-block-image aligncenter size-full has-custom-border\"><img loading=\"lazy\" decoding=\"async\" width=\"1065\" height=\"40\" src=\"https:\/\/bilimyeri.com\/wp-content\/uploads\/2023\/08\/bilimyeriBannerHeader.png\" alt=\"\" class=\"wp-image-26\" style=\"border-radius:25px\" srcset=\"https:\/\/bilimyeri.com\/wp-content\/uploads\/2023\/08\/bilimyeriBannerHeader.png 1065w, https:\/\/bilimyeri.com\/wp-content\/uploads\/2023\/08\/bilimyeriBannerHeader-300x11.png 300w, https:\/\/bilimyeri.com\/wp-content\/uploads\/2023\/08\/bilimyeriBannerHeader-1024x38.png 1024w, https:\/\/bilimyeri.com\/wp-content\/uploads\/2023\/08\/bilimyeriBannerHeader-768x29.png 768w, https:\/\/bilimyeri.com\/wp-content\/uploads\/2023\/08\/bilimyeriBannerHeader-600x23.png 600w\" sizes=\"auto, (max-width: 1065px) 100vw, 1065px\" \/><\/figure>\n\n\n\n<div class=\"wp-block-media-text alignwide has-media-on-the-right is-stacked-on-mobile uag-hide-desktop uag-hide-tab uag-hide-mob\" style=\"grid-template-columns:auto 15%\"><div class=\"wp-block-media-text__content\">\n<p class=\"has-large-font-size\"><\/p>\n<\/div><figure class=\"wp-block-media-text__media\"><img loading=\"lazy\" decoding=\"async\" width=\"1920\" height=\"1280\" src=\"https:\/\/bilimyeri.com\/wp-content\/uploads\/2023\/08\/other-small.jpg\" alt=\"\" class=\"wp-image-18 size-full\" srcset=\"https:\/\/bilimyeri.com\/wp-content\/uploads\/2023\/08\/other-small.jpg 1920w, https:\/\/bilimyeri.com\/wp-content\/uploads\/2023\/08\/other-small-600x400.jpg 600w, https:\/\/bilimyeri.com\/wp-content\/uploads\/2023\/08\/other-small-300x200.jpg 300w, https:\/\/bilimyeri.com\/wp-content\/uploads\/2023\/08\/other-small-1024x683.jpg 1024w, https:\/\/bilimyeri.com\/wp-content\/uploads\/2023\/08\/other-small-768x512.jpg 768w, https:\/\/bilimyeri.com\/wp-content\/uploads\/2023\/08\/other-small-1536x1024.jpg 1536w\" sizes=\"auto, (max-width: 1920px) 100vw, 1920px\" \/><\/figure><\/div>\n\n\n\n<div class=\"wp-block-media-text alignwide is-stacked-on-mobile uag-hide-desktop uag-hide-tab uag-hide-mob\" style=\"grid-template-columns:15% auto\"><figure class=\"wp-block-media-text__media\"><img loading=\"lazy\" decoding=\"async\" width=\"1920\" height=\"1280\" src=\"https:\/\/bilimyeri.com\/wp-content\/uploads\/2023\/08\/other-small.jpg\" alt=\"\" class=\"wp-image-18 size-full\" srcset=\"https:\/\/bilimyeri.com\/wp-content\/uploads\/2023\/08\/other-small.jpg 1920w, https:\/\/bilimyeri.com\/wp-content\/uploads\/2023\/08\/other-small-600x400.jpg 600w, https:\/\/bilimyeri.com\/wp-content\/uploads\/2023\/08\/other-small-300x200.jpg 300w, https:\/\/bilimyeri.com\/wp-content\/uploads\/2023\/08\/other-small-1024x683.jpg 1024w, https:\/\/bilimyeri.com\/wp-content\/uploads\/2023\/08\/other-small-768x512.jpg 768w, https:\/\/bilimyeri.com\/wp-content\/uploads\/2023\/08\/other-small-1536x1024.jpg 1536w\" sizes=\"auto, (max-width: 1920px) 100vw, 1920px\" \/><\/figure><div class=\"wp-block-media-text__content\">\n<p class=\"has-large-font-size\"><\/p>\n<\/div><\/div>\n\n\n\n<div class=\"wp-block-media-text alignwide has-media-on-the-right is-stacked-on-mobile uag-hide-desktop uag-hide-tab uag-hide-mob\" style=\"grid-template-columns:auto 15%\"><div class=\"wp-block-media-text__content\">\n<p class=\"has-large-font-size\"><\/p>\n<\/div><figure class=\"wp-block-media-text__media\"><img loading=\"lazy\" decoding=\"async\" width=\"1920\" height=\"1280\" src=\"https:\/\/bilimyeri.com\/wp-content\/uploads\/2023\/08\/other-small.jpg\" alt=\"\" class=\"wp-image-18 size-full\" srcset=\"https:\/\/bilimyeri.com\/wp-content\/uploads\/2023\/08\/other-small.jpg 1920w, https:\/\/bilimyeri.com\/wp-content\/uploads\/2023\/08\/other-small-600x400.jpg 600w, https:\/\/bilimyeri.com\/wp-content\/uploads\/2023\/08\/other-small-300x200.jpg 300w, https:\/\/bilimyeri.com\/wp-content\/uploads\/2023\/08\/other-small-1024x683.jpg 1024w, https:\/\/bilimyeri.com\/wp-content\/uploads\/2023\/08\/other-small-768x512.jpg 768w, https:\/\/bilimyeri.com\/wp-content\/uploads\/2023\/08\/other-small-1536x1024.jpg 1536w\" sizes=\"auto, (max-width: 1920px) 100vw, 1920px\" \/><\/figure><\/div>\n\n\n\n<div class=\"wp-block-uagb-advanced-heading uagb-block-71528978\"><h2 class=\"uagb-heading-text\">Pop\u00fcler Analizler &#8230;<\/h2><\/div>\n\n\n<div data-background-color=\"ast-global-color-1\" data-block-name=\"woocommerce\/featured-product\" data-dim-ratio=\"0\" data-edit-mode=\"false\" data-focal-point=\"{&quot;x&quot;:0,&quot;y&quot;:0.43}\" data-min-height=\"314\" data-product-id=\"11\" data-show-price=\"false\" data-style=\"{&quot;border&quot;:{&quot;width&quot;:&quot;20px&quot;}}\" data-text-color=\"ast-global-color-4\" class=\"wc-block-featured-product alignnone has-background has-ast-global-color-1-background-color has-text-color has-ast-global-color-4-color wp-block-woocommerce-featured-product\" style=\"min-height:314px;border-width:20px;\"><div class=\"wc-block-featured-product__wrapper\"><div class=\"background-dim__overlay\" style=\"background-color: #000000\"><\/div><img decoding=\"async\" alt=\"SPSS Veri Analizi\" class=\"wc-block-featured-product__background-image\" src=\"https:\/\/bilimyeri.com\/wp-content\/uploads\/2023\/08\/va_spss.png\" style=\"object-fit: none;object-position: 0% 43%;\" \/><h2 class=\"wc-block-featured-product__title\">SPSS Veri Analizi<\/h2><div class=\"wc-block-featured-product__description\"><p>Veri analizi, ara\u015ft\u0131rma hipotezinin testi ve APA stilinde raporlamas\u0131 hizmetini i\u00e7erir. <a href=\"https:\/\/bilimyeri.com\/?page_id=2\" target=\"_blank\" rel=\"noopener\"><strong style=\"font-size: 16px\"><em>L\u00fctfen fiyat teklifi<\/em><\/strong><\/a><span style=\"font-size: 16px\"> isteyiniz.<\/span><\/p>\n<\/div><div class=\"wc-block-featured-product__inner-blocks\">\n\n<div class=\"wp-block-buttons is-content-justification-center is-layout-flex wp-container-core-buttons-is-layout-a89b3969 wp-block-buttons-is-layout-flex\">\n<div class=\"wp-block-button\"><a class=\"wp-block-button__link wp-element-button\" href=\"https:\/\/bilimyeri.com\/?product=veri-analizi\">\u015eimdi sat\u0131n al<\/a><\/div>\n<\/div>\n\n<\/div><\/div><\/div>","protected":false},"excerpt":{"rendered":"<p>Pop\u00fcler Analizler &#8230;<\/p>\n","protected":false},"author":1,"featured_media":0,"parent":0,"menu_order":0,"comment_status":"closed","ping_status":"closed","template":"","meta":{"_uag_custom_page_level_css":"","site-sidebar-layout":"default","site-content-layout":"","ast-site-content-layout":"default","site-content-style":"default","site-sidebar-style":"default","ast-global-header-display":"","ast-banner-title-visibility":"","ast-main-header-display":"","ast-hfb-above-header-display":"","ast-hfb-below-header-display":"","ast-hfb-mobile-header-display":"","site-post-title":"disabled","ast-breadcrumbs-content":"","ast-featured-img":"","footer-sml-layout":"","ast-disable-related-posts":"","theme-transparent-header-meta":"","adv-header-id-meta":"","stick-header-meta":"","header-above-stick-meta":"","header-main-stick-meta":"","header-below-stick-meta":"","astra-migrate-meta-layouts":"default","ast-page-background-enabled":"default","ast-page-background-meta":{"desktop":{"background-color":"var(--ast-global-color-4)","background-image":"","background-repeat":"repeat","background-position":"center center","background-size":"auto","background-attachment":"scroll","background-type":"","background-media":"","overlay-type":"","overlay-color":"","overlay-opacity":"","overlay-gradient":""},"tablet":{"background-color":"","background-image":"","background-repeat":"repeat","background-position":"center center","background-size":"auto","background-attachment":"scroll","background-type":"","background-media":"","overlay-type":"","overlay-color":"","overlay-opacity":"","overlay-gradient":""},"mobile":{"background-color":"","background-image":"","background-repeat":"repeat","background-position":"center center","background-size":"auto","background-attachment":"scroll","background-type":"","background-media":"","overlay-type":"","overlay-color":"","overlay-opacity":"","overlay-gradient":""}},"ast-content-background-meta":{"desktop":{"background-color":"var(--ast-global-color-5)","background-image":"","background-repeat":"repeat","background-position":"center center","background-size":"auto","background-attachment":"scroll","background-type":"","background-media":"","overlay-type":"","overlay-color":"","overlay-opacity":"","overlay-gradient":""},"tablet":{"background-color":"var(--ast-global-color-5)","background-image":"","background-repeat":"repeat","background-position":"center center","background-size":"auto","background-attachment":"scroll","background-type":"","background-media":"","overlay-type":"","overlay-color":"","overlay-opacity":"","overlay-gradient":""},"mobile":{"background-color":"var(--ast-global-color-5)","background-image":"","background-repeat":"repeat","background-position":"center center","background-size":"auto","background-attachment":"scroll","background-type":"","background-media":"","overlay-type":"","overlay-color":"","overlay-opacity":"","overlay-gradient":""}},"footnotes":""},"class_list":["post-17","page","type-page","status-publish","hentry"],"uagb_featured_image_src":{"full":false,"thumbnail":false,"medium":false,"medium_large":false,"large":false,"1536x1536":false,"2048x2048":false,"woocommerce_thumbnail":false,"woocommerce_single":false,"woocommerce_gallery_thumbnail":false},"uagb_author_info":{"display_name":"bilimyeri_com","author_link":"https:\/\/bilimyeri.com\/?author=1"},"uagb_comment_info":0,"uagb_excerpt":"Pop\u00fcler Analizler &#8230;","_links":{"self":[{"href":"https:\/\/bilimyeri.com\/index.php?rest_route=\/wp\/v2\/pages\/17","targetHints":{"allow":["GET"]}}],"collection":[{"href":"https:\/\/bilimyeri.com\/index.php?rest_route=\/wp\/v2\/pages"}],"about":[{"href":"https:\/\/bilimyeri.com\/index.php?rest_route=\/wp\/v2\/types\/page"}],"author":[{"embeddable":true,"href":"https:\/\/bilimyeri.com\/index.php?rest_route=\/wp\/v2\/users\/1"}],"replies":[{"embeddable":true,"href":"https:\/\/bilimyeri.com\/index.php?rest_route=%2Fwp%2Fv2%2Fcomments&post=17"}],"version-history":[{"count":34,"href":"https:\/\/bilimyeri.com\/index.php?rest_route=\/wp\/v2\/pages\/17\/revisions"}],"predecessor-version":[{"id":223,"href":"https:\/\/bilimyeri.com\/index.php?rest_route=\/wp\/v2\/pages\/17\/revisions\/223"}],"wp:attachment":[{"href":"https:\/\/bilimyeri.com\/index.php?rest_route=%2Fwp%2Fv2%2Fmedia&parent=17"}],"curies":[{"name":"wp","href":"https:\/\/api.w.org\/{rel}","templated":true}]}}